{"id":507,"date":"2023-05-02T11:12:44","date_gmt":"2023-05-02T09:12:44","guid":{"rendered":"https:\/\/jma.ad\/derecho-urbanistico\/"},"modified":"2024-01-12T18:21:08","modified_gmt":"2024-01-12T16:21:08","slug":"derecho-urbanistico","status":"publish","type":"page","link":"https:\/\/jma.ad\/es\/derecho-urbanistico\/","title":{"rendered":"Derecho Urban\u00edstico"},"content":{"rendered":"<p>[et_pb_section fb_built=\u00bb1&#8243; custom_padding_last_edited=\u00bbon|phone\u00bb admin_label=\u00bbServices\u00bb _builder_version=\u00bb4.16&#8243; _module_preset=\u00bbdefault\u00bb custom_padding=\u00bb96px||||false|false\u00bb custom_padding_tablet=\u00bb\u00bb custom_padding_phone=\u00bb40px||||false|false\u00bb global_colors_info=\u00bb{}\u00bb][et_pb_row column_structure=\u00bb3_5,2_5&#8243; _builder_version=\u00bb4.16&#8243; _module_preset=\u00bbdefault\u00bb global_colors_info=\u00bb{}\u00bb][et_pb_column type=\u00bb3_5&#8243; _builder_version=\u00bb4.16&#8243; _module_preset=\u00bbdefault\u00bb global_colors_info=\u00bb{}\u00bb][et_pb_text _builder_version=\u00bb4.20.4&#8243; _module_preset=\u00bb370cf134-a811-4d7c-90e9-083991f25ee4&#8243; header_font=\u00bbTrirong|500|||||||\u00bb header_text_color=\u00bb#000000&#8243; header_font_size=\u00bb70px\u00bb header_line_height=\u00bb1.1em\u00bb header_font_size_tablet=\u00bb51px\u00bb header_font_size_phone=\u00bb45px\u00bb header_font_size_last_edited=\u00bbon|tablet\u00bb locked=\u00bboff\u00bb global_colors_info=\u00bb{}\u00bb]<\/p>\n<h1>Derecho Urban\u00edstico<\/h1>\n<p>[\/et_pb_text][et_pb_divider color=\u00bb#000000&#8243; divider_weight=\u00bb2px\u00bb _builder_version=\u00bb4.16&#8243; _module_preset=\u00bbdefault\u00bb width=\u00bb210px\u00bb height=\u00bb2px\u00bb custom_margin=\u00bb||0px||false|false\u00bb locked=\u00bboff\u00bb global_colors_info=\u00bb{}\u00bb][\/et_pb_divider][\/et_pb_column][et_pb_column type=\u00bb2_5&#8243; _builder_version=\u00bb4.16&#8243; _module_preset=\u00bbdefault\u00bb global_colors_info=\u00bb{}\u00bb][\/et_pb_column][\/et_pb_row][et_pb_row column_structure=\u00bb2_3,1_3&#8243; _builder_version=\u00bb4.20.4&#8243; _module_preset=\u00bbdefault\u00bb global_colors_info=\u00bb{}\u00bb][et_pb_column type=\u00bb2_3&#8243; _builder_version=\u00bb4.20.4&#8243; _module_preset=\u00bbdefault\u00bb global_colors_info=\u00bb{}\u00bb][et_pb_text _builder_version=\u00bb4.20.4&#8243; _module_preset=\u00bbdefault\u00bb text_font_size=\u00bb17px\u00bb text_line_height=\u00bb1.8em\u00bb global_colors_info=\u00bb{}\u00bb]<\/p>\n<p>Nuestro despacho es un referente en el \u00e1mbito del derecho urban\u00edstico debido a la amplia y dilatada experiencia en este campo des de que se fund\u00f3 el despacho. <span class=\"Apple-converted-space\"> <\/span><\/p>\n<p>Ofrecemos un servicio global, que comprende todas las actuaciones que puedan darse desde la fase inicial de la planificaci\u00f3n urban\u00edstica, hasta la ejecuci\u00f3n del instrumento urban\u00edstico o proyecto inmobiliario en cuesti\u00f3n.<span class=\"Apple-converted-space\"> <\/span><\/p>\n<p>[\/et_pb_text][et_pb_text _builder_version=\u00bb4.20.4&#8243; _module_preset=\u00bbdefault\u00bb text_font_size=\u00bb17px\u00bb text_line_height=\u00bb1.8em\u00bb global_colors_info=\u00bb{}\u00bb]<\/p>\n<p>SERVICIOS DESTACADOS<\/p>\n<p>[\/et_pb_text][\/et_pb_column][et_pb_column type=\u00bb1_3&#8243; _builder_version=\u00bb4.20.4&#8243; _module_preset=\u00bbdefault\u00bb global_colors_info=\u00bb{}\u00bb][\/et_pb_column][\/et_pb_row][et_pb_row column_structure=\u00bb1_2,1_2&#8243; _builder_version=\u00bb4.16&#8243; _module_preset=\u00bbdefault\u00bb locked=\u00bboff\u00bb global_colors_info=\u00bb{}\u00bb][et_pb_column type=\u00bb1_2&#8243; _builder_version=\u00bb4.16&#8243; _module_preset=\u00bbdefault\u00bb global_colors_info=\u00bb{}\u00bb][et_pb_cta title=\u00bbAcuerdos iniciales para la promoci\u00f3n del plan parcial\u00bb _builder_version=\u00bb4.20.4&#8243; _module_preset=\u00bbdefault\u00bb header_line_height=\u00bb1.4em\u00bb background_color=\u00bb#abafa3&#8243; animation_style=\u00bbfade\u00bb border_style_bottom=\u00bbinset\u00bb global_colors_info=\u00bb{}\u00bb][\/et_pb_cta][et_pb_cta title=\u00bbRedacci\u00f3n de planes parciales y proyectos de reparcelaci\u00f3n\u00bb _builder_version=\u00bb4.20.4&#8243; _module_preset=\u00bbdefault\u00bb header_line_height=\u00bb1.4em\u00bb background_color=\u00bb#c3c6b8&#8243; animation_style=\u00bbfade\u00bb border_style_bottom=\u00bbinset\u00bb global_colors_info=\u00bb{}\u00bb][\/et_pb_cta][et_pb_cta title=\u00bbAlegaciones al planeamiento general, planes parciales, planes especiales, planes sectoriales, proyectos de inter\u00e9s nacional\u00bb _builder_version=\u00bb4.20.4&#8243; _module_preset=\u00bbdefault\u00bb header_line_height=\u00bb1.4em\u00bb background_color=\u00bb#c4c1b6&#8243; animation_style=\u00bbfade\u00bb border_style_bottom=\u00bbinset\u00bb global_colors_info=\u00bb{}\u00bb][\/et_pb_cta][et_pb_cta title=\u00bbLicencias urban\u00edsticas\u00bb _builder_version=\u00bb4.20.4&#8243; _module_preset=\u00bbdefault\u00bb background_color=\u00bb#9a9a91&#8243; animation_style=\u00bbfade\u00bb border_style_bottom=\u00bbinset\u00bb global_colors_info=\u00bb{}\u00bb][\/et_pb_cta][\/et_pb_column][et_pb_column type=\u00bb1_2&#8243; _builder_version=\u00bb4.16&#8243; _module_preset=\u00bbdefault\u00bb global_colors_info=\u00bb{}\u00bb][et_pb_cta title=\u00bbEstudio legal de la implantaci\u00f3n de cualquier proyecto urban\u00edstico o inmobiliario (residencial, comercial, industrial, deportivo, l\u00fadico, sanitario, etc.)\u00bb _builder_version=\u00bb4.20.4&#8243; _module_preset=\u00bbdefault\u00bb header_line_height=\u00bb1.4em\u00bb background_color=\u00bb#bfbcaf\u00bb animation_style=\u00bbfade\u00bb global_colors_info=\u00bb{}\u00bb][\/et_pb_cta][et_pb_cta title=\u00bbFunciones de Secretario de Asociaciones de Promociones Urban\u00edsticas (APU) y asistencia a los \u00f3rganos directivos\u00bb _builder_version=\u00bb4.20.4&#8243; _module_preset=\u00bbdefault\u00bb header_line_height=\u00bb1.4em\u00bb background_color=\u00bb#8c8981&#8243; animation_style=\u00bbfade\u00bb global_colors_info=\u00bb{}\u00bb][\/et_pb_cta][et_pb_cta title=\u00bbExpedientes sancionadores y de protecci\u00f3n de la legalidad urban\u00edstica\u00bb _builder_version=\u00bb4.20.4&#8243; _module_preset=\u00bbdefault\u00bb header_line_height=\u00bb1.4em\u00bb background_color=\u00bb#a7a89c\u00bb animation_style=\u00bbfade\u00bb global_colors_info=\u00bb{}\u00bb][\/et_pb_cta][et_pb_cta title=\u00bbConvenios urban\u00edsticos\u00bb _builder_version=\u00bb4.20.4&#8243; _module_preset=\u00bbdefault\u00bb header_line_height=\u00bb1.3em\u00bb background_color=\u00bb#83847b\u00bb animation_style=\u00bbfade\u00bb global_colors_info=\u00bb{}\u00bb][\/et_pb_cta][\/et_pb_column][\/et_pb_row][\/et_pb_section][et_pb_section fb_built=\u00bb1&#8243; admin_label=\u00bbFeatures\u00bb _builder_version=\u00bb4.20.4&#8243; _module_preset=\u00bbdefault\u00bb background_color=\u00bb#5d5d50&#8243; custom_margin=\u00bb16vw||16vw||true|false\u00bb global_colors_info=\u00bb{}\u00bb][et_pb_row _builder_version=\u00bb4.16&#8243; _module_preset=\u00bbdefault\u00bb global_colors_info=\u00bb{}\u00bb][et_pb_column type=\u00bb4_4&#8243; _builder_version=\u00bb4.16&#8243; _module_preset=\u00bbdefault\u00bb global_colors_info=\u00bb{}\u00bb][et_pb_image src=\u00bbhttps:\/\/jma.ad\/wp-content\/uploads\/2023\/05\/andorra.jpg\u00bb title_text=\u00bbandorra\u00bb _builder_version=\u00bb4.20.4&#8243; _module_preset=\u00bbdefault\u00bb custom_margin=\u00bb-16vw||-16vw|-8vw|true|false\u00bb filter_saturate=\u00bb0%\u00bb filter_contrast=\u00bb140%\u00bb filter_sepia=\u00bb20%\u00bb scroll_vertical_motion_enable=\u00bbon\u00bb scroll_vertical_motion=\u00bb0|50|50|100|1|0|-1&#8243; global_colors_info=\u00bb{}\u00bb][\/et_pb_image][\/et_pb_column][\/et_pb_row][et_pb_row column_structure=\u00bb2_5,3_5&#8243; custom_padding_last_edited=\u00bbon|phone\u00bb _builder_version=\u00bb4.20.4&#8243; _module_preset=\u00bbdefault\u00bb background_color=\u00bb#131313&#8243; z_index=\u00bb10&#8243; max_width=\u00bb960px\u00bb height=\u00bb388px\u00bb custom_margin=\u00bb||-16vw||false|false\u00bb custom_padding=\u00bb60px|40px|60px|40px|true|true\u00bb custom_padding_tablet=\u00bb60px|30px|60px|30px|true|true\u00bb custom_padding_phone=\u00bb|20px||20px|true|true\u00bb box_shadow_style=\u00bbpreset3&#8243; box_shadow_vertical=\u00bb72px\u00bb box_shadow_blur=\u00bb64px\u00bb box_shadow_spread=\u00bb-16px\u00bb box_shadow_color=\u00bbrgba(0,0,0,0.4)\u00bb global_colors_info=\u00bb{}\u00bb][et_pb_column type=\u00bb2_5&#8243; _builder_version=\u00bb4.16&#8243; _module_preset=\u00bbdefault\u00bb global_colors_info=\u00bb{}\u00bb][et_pb_image src=\u00bbhttps:\/\/jma.ad\/wp-content\/uploads\/2023\/04\/engineering-firm-27.jpg\u00bb title_text=\u00bbengineering-firm-27&#8243; _builder_version=\u00bb4.20.4&#8243; _module_preset=\u00bbdefault\u00bb custom_margin=\u00bb-150px||60px|-100px|false|false\u00bb custom_margin_tablet=\u00bb0px||0px|0px|false|false\u00bb custom_margin_phone=\u00bb\u00bb custom_margin_last_edited=\u00bbon|tablet\u00bb global_colors_info=\u00bb{}\u00bb][\/et_pb_image][\/et_pb_column][et_pb_column type=\u00bb3_5&#8243; _builder_version=\u00bb4.16&#8243; _module_preset=\u00bbdefault\u00bb global_colors_info=\u00bb{}\u00bb][et_pb_text _builder_version=\u00bb4.20.4&#8243; _module_preset=\u00bb7d4a8cbc-5ddd-46c9-be95-23498c921cdd\u00bb header_font_size=\u00bb19px\u00bb header_2_font=\u00bbTrirong|500|||||||\u00bb header_2_text_color=\u00bb#ffffff\u00bb header_2_font_size=\u00bb40px\u00bb header_2_line_height=\u00bb1.1em\u00bb header_2_font_size_tablet=\u00bb30px\u00bb header_2_font_size_phone=\u00bb18px\u00bb header_2_font_size_last_edited=\u00bbon|phone\u00bb header_2_line_height_tablet=\u00bb1.3em\u00bb header_2_line_height_phone=\u00bb1.4em\u00bb header_2_line_height_last_edited=\u00bbon|phone\u00bb locked=\u00bboff\u00bb global_colors_info=\u00bb{}\u00bb]<\/p>\n<h2>Contacto<\/h2>\n<p>[\/et_pb_text][et_pb_text _builder_version=\u00bb4.20.4&#8243; _module_preset=\u00bbdefault\u00bb text_line_height=\u00bb2em\u00bb background_layout=\u00bbdark\u00bb custom_margin=\u00bb||40px||false|false\u00bb global_colors_info=\u00bb{}\u00bb]<\/p>\n<p><span>Si desea contactar con nosotros puede hacerlo por tel\u00e9fono al +376 868 286 o por correo electr\u00f3nico. Atenderemos su petici\u00f3n y concertaremos una visita con usted<\/span><\/p>\n<p>[\/et_pb_text][et_pb_button button_url=\u00bbmailto:%20info@jma.ad\u00bb button_text=\u00bbEnviar consulta\u00bb _builder_version=\u00bb4.20.4&#8243; _module_preset=\u00bbdefault\u00bb custom_button=\u00bbon\u00bb button_text_size=\u00bb17px\u00bb button_text_color=\u00bb#FFFFFF\u00bb button_border_width=\u00bb1px\u00bb button_icon=\u00bb&#xe010;||divi||400&#8243; global_colors_info=\u00bb{}\u00bb][\/et_pb_button][\/et_pb_column][\/et_pb_row][\/et_pb_section][et_pb_section fb_built=\u00bb1&#8243; admin_label=\u00bbFooter\u00bb _builder_version=\u00bb4.16&#8243; _module_preset=\u00bbdefault\u00bb background_color=\u00bb#000000&#8243; background_image=\u00bbhttps:\/\/jma.ad\/wp-content\/uploads\/2023\/04\/engineering-firm-52.png\u00bb background_size=\u00bbinitial\u00bb saved_tabs=\u00bball\u00bb global_colors_info=\u00bb{}\u00bb][et_pb_row column_structure=\u00bb1_4,1_4,1_2&#8243; _builder_version=\u00bb4.16&#8243; _module_preset=\u00bbdefault\u00bb global_colors_info=\u00bb{}\u00bb][et_pb_column type=\u00bb1_4&#8243; _builder_version=\u00bb4.16&#8243; _module_preset=\u00bbdefault\u00bb global_colors_info=\u00bb{}\u00bb][et_pb_image src=\u00bbhttps:\/\/jma.ad\/wp-content\/uploads\/2023\/05\/logo_jmajpg.jpg\u00bb title_text=\u00bblogo_jmajpg\u00bb _builder_version=\u00bb4.20.4&#8243; _module_preset=\u00bbdefault\u00bb global_colors_info=\u00bb{}\u00bb][\/et_pb_image][et_pb_text _builder_version=\u00bb4.20.4&#8243; _module_preset=\u00bbdefault\u00bb text_font=\u00bb||||||||\u00bb text_font_size=\u00bb16px\u00bb text_line_height=\u00bb1em\u00bb background_layout=\u00bbdark\u00bb text_font_size_tablet=\u00bb14px\u00bb text_font_size_phone=\u00bb13px\u00bb text_font_size_last_edited=\u00bbon|phone\u00bb global_colors_info=\u00bb{}\u00bb]<\/p>\n<p><strong>Joaquim Mart\u00ednez Advocats<\/strong><\/p>\n<p>Expertos en derecho inmobiliario<\/p>\n<p>[\/et_pb_text][\/et_pb_column][et_pb_column type=\u00bb1_4&#8243; _builder_version=\u00bb4.16&#8243; _module_preset=\u00bbdefault\u00bb global_colors_info=\u00bb{}\u00bb][et_pb_text _builder_version=\u00bb4.20.4&#8243; _module_preset=\u00bbdefault\u00bb header_3_font=\u00bbTrirong|700|||||||\u00bb header_3_font_size=\u00bb20px\u00bb header_3_line_height=\u00bb1.4em\u00bb background_layout=\u00bbdark\u00bb custom_margin=\u00bb||10px||false|false\u00bb header_3_font_size_tablet=\u00bb18px\u00bb header_3_font_size_phone=\u00bb16px\u00bb header_3_font_size_last_edited=\u00bbon|phone\u00bb global_colors_info=\u00bb{}\u00bb]<\/p>\n<h3>Servicios<\/h3>\n<p>[\/et_pb_text][et_pb_text _builder_version=\u00bb4.20.4&#8243; _module_preset=\u00bbdefault\u00bb text_text_color=\u00bb#ffffff\u00bb link_text_color=\u00bb#ffffff\u00bb background_layout=\u00bbdark\u00bb global_colors_info=\u00bb{}\u00bb link_text_color__hover_enabled=\u00bbon|desktop\u00bb link_text_color__hover=\u00bb#bba486&#8243;]<\/p>\n<p><a href=\"https:\/\/jma.ad\/es\/derecho-sectorial\/\">Derecho Sectorial<\/a><\/p>\n<p><a href=\"https:\/\/jma.ad\/es\/derecho-urbanistico\/\">Derecho Urban\u00edstico<\/a><\/p>\n<p><a href=\"https:\/\/jma.ad\/es\/derecho-civil-patrimonial\/\">Derecho Civil Patrimonial<\/a><\/p>\n<p><a href=\"https:\/\/jma.ad\/es\/derecho-de-la-edificacion\/\">Derecho de la Edificaci\u00f3n<\/a><\/p>\n<p><a href=\"https:\/\/jma.ad\/es\/derecho-catastral\/\">Derecho Catastral<\/a><\/p>\n<p><a href=\"https:\/\/jma.ad\/es\/derecho-administrativo\/\">Derecho Administrativo<\/a><\/p>\n<p><a href=\"https:\/\/jma.ad\/mediacio-i-arbitratge\/\">Mediaci\u00f3n y Arbitraje<\/a><\/p>\n<p>&nbsp;<\/p>\n<p>[\/et_pb_text][\/et_pb_column][et_pb_column type=\u00bb1_2&#8243; _builder_version=\u00bb4.16&#8243; _module_preset=\u00bbdefault\u00bb global_colors_info=\u00bb{}\u00bb][et_pb_text _builder_version=\u00bb4.20.4&#8243; _module_preset=\u00bbdefault\u00bb text_text_color=\u00bb#FFFFFF\u00bb text_line_height=\u00bb1.1em\u00bb global_colors_info=\u00bb{}\u00bb]<\/p>\n<p><span style=\"color: #999999;\"><a href=\"https:\/\/goo.gl\/maps\/SFc1WF5zQnBTPBSU9\" target=\"_blank\" rel=\"noopener\" title=\"Google Maps\" style=\"color: #999999;\"><span style=\"text-decoration: underline;\">Abrir ubicaci\u00f3n en google maps<\/span><\/a><\/span><\/p>\n<p>[\/et_pb_text][et_pb_text _builder_version=\u00bb4.20.4&#8243; _module_preset=\u00bbdefault\u00bb text_text_color=\u00bb#FFFFFF\u00bb text_line_height=\u00bb1.1em\u00bb hover_enabled=\u00bb0&#8243; global_colors_info=\u00bb{}\u00bb sticky_enabled=\u00bb0&#8243;]<\/p>\n<p>Baixada del Mol\u00ed, n\u00fam. 3<\/p>\n<p>Bloc D, planta 2\u00aa, despatx 3<\/p>\n<p>AD500 Andorra la Vella<\/p>\n<p>&nbsp;<\/p>\n<p>Tel. +376 868 286<\/p>\n<p>info@jma.ad<\/p>\n<p>[\/et_pb_text][\/et_pb_column][\/et_pb_row][\/et_pb_section]<\/p>\n","protected":false},"excerpt":{"rendered":"<p>Derecho Urban\u00edsticoNuestro despacho es un referente en el \u00e1mbito del derecho urban\u00edstico debido a la amplia y dilatada experiencia en este campo des de que se fund\u00f3 el despacho. Ofrecemos un servicio global, que comprende todas las actuaciones que puedan darse desde la fase inicial de la planificaci\u00f3n urban\u00edstica, hasta la ejecuci\u00f3n del instrumento urban\u00edstico [&hellip;]<\/p>\n","protected":false},"author":1,"featured_media":0,"parent":0,"menu_order":0,"comment_status":"closed","ping_status":"closed","template":"","meta":{"_et_pb_use_builder":"on","_et_pb_old_content":"","_et_gb_content_width":"","footnotes":""},"class_list":["post-507","page","type-page","status-publish","hentry"],"_links":{"self":[{"href":"https:\/\/jma.ad\/es\/wp-json\/wp\/v2\/pages\/507","targetHints":{"allow":["GET"]}}],"collection":[{"href":"https:\/\/jma.ad\/es\/wp-json\/wp\/v2\/pages"}],"about":[{"href":"https:\/\/jma.ad\/es\/wp-json\/wp\/v2\/types\/page"}],"author":[{"embeddable":true,"href":"https:\/\/jma.ad\/es\/wp-json\/wp\/v2\/users\/1"}],"replies":[{"embeddable":true,"href":"https:\/\/jma.ad\/es\/wp-json\/wp\/v2\/comments?post=507"}],"version-history":[{"count":6,"href":"https:\/\/jma.ad\/es\/wp-json\/wp\/v2\/pages\/507\/revisions"}],"predecessor-version":[{"id":551,"href":"https:\/\/jma.ad\/es\/wp-json\/wp\/v2\/pages\/507\/revisions\/551"}],"wp:attachment":[{"href":"https:\/\/jma.ad\/es\/wp-json\/wp\/v2\/media?parent=507"}],"curies":[{"name":"wp","href":"https:\/\/api.w.org\/{rel}","templated":true}]}}